{"id":272,"date":"2026-04-15T19:11:44","date_gmt":"2026-04-15T19:11:44","guid":{"rendered":"https:\/\/prozessa.com\/help\/?page_id=272"},"modified":"2026-04-15T19:11:44","modified_gmt":"2026-04-15T19:11:44","slug":"mietplanung-und-reservierung","status":"publish","type":"page","link":"https:\/\/prozessa.com\/help\/help-center\/rentalmanagementweb-app\/mietplanung-und-reservierung\/","title":{"rendered":"Mietplanung und Reservierung"},"content":{"rendered":"\n<p>Das ist das Hauptmodul \u00fcber das alle Vermietprozesse zentral abgewickelt werden k\u00f6nnen. Hier hat der Mitarbeiter die flexible Wahl der Reservierungsansicht. Hier erfolgt eine schnelle Verf\u00fcgbarkeitspr\u00fcfung der Vermietobjekte. Es k\u00f6nnen Vermietobjekte, Reservierungen, Kunden und Mietvertr\u00e4ge gesucht und ein Vermietprozess schnell angesto\u00dfen werden.<\/p>\n\n\n\n<p>In diesem Video sehen sie alle notwendigen Funktionen f\u00fcr eine schnelle und erfolgreiche Abwicklung einer Vermietung.<\/p>\n","protected":false},"excerpt":{"rendered":"<p>Das ist das Hauptmodul \u00fcber das alle Vermietprozesse zentral abgewickelt werden k\u00f6nnen. Hier hat der [&hellip;]<\/p>\n","protected":false},"author":1,"featured_media":0,"parent":65,"menu_order":0,"comment_status":"closed","ping_status":"closed","template":"single-page-sidebar-on-left","meta":{"footnotes":""},"class_list":["post-272","page","type-page","status-publish","hentry"],"_links":{"self":[{"href":"https:\/\/prozessa.com\/help\/wp-json\/wp\/v2\/pages\/272","targetHints":{"allow":["GET"]}}],"collection":[{"href":"https:\/\/prozessa.com\/help\/wp-json\/wp\/v2\/pages"}],"about":[{"href":"https:\/\/prozessa.com\/help\/wp-json\/wp\/v2\/types\/page"}],"author":[{"embeddable":true,"href":"https:\/\/prozessa.com\/help\/wp-json\/wp\/v2\/users\/1"}],"replies":[{"embeddable":true,"href":"https:\/\/prozessa.com\/help\/wp-json\/wp\/v2\/comments?post=272"}],"version-history":[{"count":1,"href":"https:\/\/prozessa.com\/help\/wp-json\/wp\/v2\/pages\/272\/revisions"}],"predecessor-version":[{"id":273,"href":"https:\/\/prozessa.com\/help\/wp-json\/wp\/v2\/pages\/272\/revisions\/273"}],"up":[{"embeddable":true,"href":"https:\/\/prozessa.com\/help\/wp-json\/wp\/v2\/pages\/65"}],"wp:attachment":[{"href":"https:\/\/prozessa.com\/help\/wp-json\/wp\/v2\/media?parent=272"}],"curies":[{"name":"wp","href":"https:\/\/api.w.org\/{rel}","templated":true}]}}