{"id":268,"date":"2026-04-15T19:01:07","date_gmt":"2026-04-15T19:01:07","guid":{"rendered":"https:\/\/prozessa.com\/help\/?page_id=268"},"modified":"2026-04-15T19:01:07","modified_gmt":"2026-04-15T19:01:07","slug":"benutzer-profil","status":"publish","type":"page","link":"https:\/\/prozessa.com\/help\/help-center\/rentalmanagementweb-app\/benutzer-profil\/","title":{"rendered":"Benutzer-Profil"},"content":{"rendered":"\n<p>In dem Profil kann jeder Benutzer seine pers\u00f6nlichen Einstellungen vornehmen. Dazu geh\u00f6rt die Sprache der Benutzeroberfl\u00e4che und die Startseite die automatisch nach dem login ge\u00f6ffnet werden soll. Wenn Benutzer mehreren Organisationen zugeordnet sind, kann die jeweilige Organisation im Profil selektiert werden.<\/p>\n","protected":false},"excerpt":{"rendered":"<p>In dem Profil kann jeder Benutzer seine pers\u00f6nlichen Einstellungen vornehmen. Dazu geh\u00f6rt die Sprache der [&hellip;]<\/p>\n","protected":false},"author":1,"featured_media":0,"parent":65,"menu_order":0,"comment_status":"closed","ping_status":"closed","template":"single-page-sidebar-on-left","meta":{"footnotes":""},"class_list":["post-268","page","type-page","status-publish","hentry"],"_links":{"self":[{"href":"https:\/\/prozessa.com\/help\/wp-json\/wp\/v2\/pages\/268","targetHints":{"allow":["GET"]}}],"collection":[{"href":"https:\/\/prozessa.com\/help\/wp-json\/wp\/v2\/pages"}],"about":[{"href":"https:\/\/prozessa.com\/help\/wp-json\/wp\/v2\/types\/page"}],"author":[{"embeddable":true,"href":"https:\/\/prozessa.com\/help\/wp-json\/wp\/v2\/users\/1"}],"replies":[{"embeddable":true,"href":"https:\/\/prozessa.com\/help\/wp-json\/wp\/v2\/comments?post=268"}],"version-history":[{"count":1,"href":"https:\/\/prozessa.com\/help\/wp-json\/wp\/v2\/pages\/268\/revisions"}],"predecessor-version":[{"id":269,"href":"https:\/\/prozessa.com\/help\/wp-json\/wp\/v2\/pages\/268\/revisions\/269"}],"up":[{"embeddable":true,"href":"https:\/\/prozessa.com\/help\/wp-json\/wp\/v2\/pages\/65"}],"wp:attachment":[{"href":"https:\/\/prozessa.com\/help\/wp-json\/wp\/v2\/media?parent=268"}],"curies":[{"name":"wp","href":"https:\/\/api.w.org\/{rel}","templated":true}]}}