{"id":266,"date":"2026-04-15T18:58:10","date_gmt":"2026-04-15T18:58:10","guid":{"rendered":"https:\/\/prozessa.com\/help\/?page_id=266"},"modified":"2026-04-15T18:58:10","modified_gmt":"2026-04-15T18:58:10","slug":"mitarbeiter-onboarding","status":"publish","type":"page","link":"https:\/\/prozessa.com\/help\/help-center\/rentalmanagementweb-app\/mitarbeiter-onboarding\/","title":{"rendered":"Mitarbeiter-Onboarding"},"content":{"rendered":"\n<p>Hier werden die Mitarbeiter angelegt und k\u00f6nnen per E-Mail Vorlage zur Nutzung der App eingeladen werden. Anschlie\u00dfend muss der Mitarbeiter sich \u00fcber den bereitgestellten Link das Passwort zur\u00fccksetzen um sich in der App anmelden zu k\u00f6nnen (dieser Prozess wird separat dokumentiert). Sie k\u00f6nnen die Navigation f\u00fcr die Mitarbeiter konfigurieren.<\/p>\n\n\n\n<figure class=\"wp-block-video\"><\/figure>\n","protected":false},"excerpt":{"rendered":"<p>Hier werden die Mitarbeiter angelegt und k\u00f6nnen per E-Mail Vorlage zur Nutzung der App eingeladen [&hellip;]<\/p>\n","protected":false},"author":1,"featured_media":0,"parent":65,"menu_order":0,"comment_status":"closed","ping_status":"closed","template":"single-page-sidebar-on-left","meta":{"footnotes":""},"class_list":["post-266","page","type-page","status-publish","hentry"],"_links":{"self":[{"href":"https:\/\/prozessa.com\/help\/wp-json\/wp\/v2\/pages\/266","targetHints":{"allow":["GET"]}}],"collection":[{"href":"https:\/\/prozessa.com\/help\/wp-json\/wp\/v2\/pages"}],"about":[{"href":"https:\/\/prozessa.com\/help\/wp-json\/wp\/v2\/types\/page"}],"author":[{"embeddable":true,"href":"https:\/\/prozessa.com\/help\/wp-json\/wp\/v2\/users\/1"}],"replies":[{"embeddable":true,"href":"https:\/\/prozessa.com\/help\/wp-json\/wp\/v2\/comments?post=266"}],"version-history":[{"count":1,"href":"https:\/\/prozessa.com\/help\/wp-json\/wp\/v2\/pages\/266\/revisions"}],"predecessor-version":[{"id":267,"href":"https:\/\/prozessa.com\/help\/wp-json\/wp\/v2\/pages\/266\/revisions\/267"}],"up":[{"embeddable":true,"href":"https:\/\/prozessa.com\/help\/wp-json\/wp\/v2\/pages\/65"}],"wp:attachment":[{"href":"https:\/\/prozessa.com\/help\/wp-json\/wp\/v2\/media?parent=266"}],"curies":[{"name":"wp","href":"https:\/\/api.w.org\/{rel}","templated":true}]}}